{"id":772,"date":"2017-02-27T06:42:21","date_gmt":"2017-02-27T06:42:21","guid":{"rendered":"http:\/\/www.biarritzbylocals.com\/biarritzbylocals2017\/?page_id=772"},"modified":"2019-07-02T10:37:34","modified_gmt":"2019-07-02T10:37:34","slug":"news-facebook-what-to-do-in-biarritz-basque-country","status":"publish","type":"page","link":"https:\/\/www.biarritzbylocals.com\/fr\/actualites-facebook-que-faire-a-biarritz-pays-basque\/","title":{"rendered":"Facebook"},"content":{"rendered":"<p>[vc_row is_container=\u00a0\u00bbyes\u00a0\u00bb][vc_column][vc_column_text]<\/p>\n<div class=\"banner \"><\/div>\n<div class=\"fb-page\" data-href=\"https:\/\/www.facebook.com\/biarritzbylocals\/?pnref=lhc\" data-tabs=\"timeline\" data-width=\"550\" data-height=\"1163\" data-small-header=\"true\" data-adapt-container-width=\"true\" data-hide-cover=\"false\" data-show-facepile=\"true\">\n<blockquote class=\"fb-xfbml-parse-ignore\" cite=\"https:\/\/www.facebook.com\/biarritzbylocals\/?pnref=lhc\"><p><a href=\"https:\/\/www.facebook.com\/biarritzbylocals\/?pnref=lhc\">Biarritz by Locals Food Tours<\/a><\/p><\/blockquote>\n<\/div>\n<div class=\"facebook_slider\">\n<div class=\"fb-post\" data-href=\"https:\/\/www.facebook.com\/biarritzbylocals\/photos\/a.372535432811188.86669.165042630227137\/1384125304985524\/?type=3&amp;theater\" data-width=\"750\" data-show-text=\"true\">\n<blockquote class=\"fb-xfbml-parse-ignore\" cite=\"https:\/\/www.facebook.com\/biarritzbylocals\/posts\/1384125304985524:0\"><p>D\u00e9gustation de vins locaux \u00e0 @lartnoa l&rsquo;ann\u00e9e derni\u00e8re.<br \/>\nN&rsquo;h\u00e9sitez pas \u00e0 nous confier vos projets s\u00e9minaires sur Biarritz pour une exp\u00e9rience locale et unique.<\/p>\n<p>Publi\u00e9 par <a href=\"https:\/\/www.facebook.com\/biarritzbylocals\/\">Biarritz by Locals Food Tours<\/a> sur\u00a0<a href=\"https:\/\/www.facebook.com\/biarritzbylocals\/posts\/1384125304985524:0\">lundi 6 mars 2017<\/a><\/p><\/blockquote>\n<\/div>\n<div class=\"fb-post\" data-href=\"https:\/\/www.facebook.com\/biarritzbylocals\/photos\/a.372535432811188.86669.165042630227137\/1229706883760701\/?type=3&amp;theater\" data-width=\"750\" data-show-text=\"true\">\n<blockquote class=\"fb-xfbml-parse-ignore\" cite=\"https:\/\/www.facebook.com\/biarritzbylocals\/posts\/1229706883760701:0\"><p>Thank for the great review guys! Maison Balme Maison Paris Foie Gras La Cabane \u00c0 Huitres<\/p>\n<p>Publi\u00e9 par <a href=\"https:\/\/www.facebook.com\/biarritzbylocals\/\">Biarritz by Locals Food Tours<\/a> sur\u00a0<a href=\"https:\/\/www.facebook.com\/biarritzbylocals\/posts\/1229706883760701:0\">vendredi 7 octobre 2016<\/a><\/p><\/blockquote>\n<\/div>\n<\/div>\n<p>[\/vc_column_text][\/vc_column][\/vc_row]<\/p>\n<div id=\"fb-root\"><\/div>\n<p><script>(function(d, s, id) {\n  var js, fjs = d.getElementsByTagName(s)[0];\n  if (d.getElementById(id)) return;\n  js = d.createElement(s); js.id = id;\n  js.src = \"\/\/connect.facebook.net\/fr_FR\/sdk.js#xfbml=1&version=v2.8&appId=525856430922827\";\n  fjs.parentNode.insertBefore(js, fjs);\n}(document, 'script', 'facebook-jssdk'));<\/script><\/p>\n","protected":false},"excerpt":{"rendered":"<p>[vc_row is_container=\u00a0\u00bbyes\u00a0\u00bb][vc_column][vc_column_text] Biarritz by Locals Food Tours D\u00e9gustation de vins locaux \u00e0 @lartnoa l&rsquo;ann\u00e9e derni\u00e8re. N&rsquo;h\u00e9sitez pas \u00e0 nous confier vos projets s\u00e9minaires sur Biarritz pour une exp\u00e9rience locale et unique. Publi\u00e9 par Biarritz by Locals Food Tours sur\u00a0lundi 6 mars 2017 Thank for the great review guys! Maison Balme Maison Paris Foie Gras La [&hellip;]<\/p>\n","protected":false},"author":1,"featured_media":0,"parent":0,"menu_order":0,"comment_status":"closed","ping_status":"closed","template":"templates\/template-full-width.php","meta":[],"_links":{"self":[{"href":"https:\/\/www.biarritzbylocals.com\/fr\/wp-json\/wp\/v2\/pages\/772"}],"collection":[{"href":"https:\/\/www.biarritzbylocals.com\/fr\/wp-json\/wp\/v2\/pages"}],"about":[{"href":"https:\/\/www.biarritzbylocals.com\/fr\/wp-json\/wp\/v2\/types\/page"}],"author":[{"embeddable":true,"href":"https:\/\/www.biarritzbylocals.com\/fr\/wp-json\/wp\/v2\/users\/1"}],"replies":[{"embeddable":true,"href":"https:\/\/www.biarritzbylocals.com\/fr\/wp-json\/wp\/v2\/comments?post=772"}],"version-history":[{"count":57,"href":"https:\/\/www.biarritzbylocals.com\/fr\/wp-json\/wp\/v2\/pages\/772\/revisions"}],"predecessor-version":[{"id":1310,"href":"https:\/\/www.biarritzbylocals.com\/fr\/wp-json\/wp\/v2\/pages\/772\/revisions\/1310"}],"wp:attachment":[{"href":"https:\/\/www.biarritzbylocals.com\/fr\/wp-json\/wp\/v2\/media?parent=772"}],"curies":[{"name":"wp","href":"https:\/\/api.w.org\/{rel}","templated":true}]}}