{"id":586,"date":"2017-02-21T11:42:12","date_gmt":"2017-02-21T11:42:12","guid":{"rendered":"http:\/\/www.biarritzbylocals.com\/biarritzbylocals2017\/?page_id=586"},"modified":"2019-07-01T15:01:26","modified_gmt":"2019-07-01T15:01:26","slug":"companies","status":"publish","type":"page","link":"https:\/\/www.biarritzbylocals.com\/fr\/evenements-seminaire-entreprise-team-building-biarritz-pays-basque\/","title":{"rendered":"Entreprises"},"content":{"rendered":"<p>[vc_row is_container=\u00a0\u00bbyes\u00a0\u00bb el_class=\u00a0\u00bbmargin_top_60&Prime;][vc_column][vc_column_text]<\/p>\n<div class=\"main_title\">\n<h2 style=\"text-align: center;\"><span style=\"color: #333333;\"><strong>Vous \u00eates une <span style=\"color: #e04f67;\">entreprise ?<\/span><\/strong><\/span><\/h2>\n<p>&nbsp;<\/p>\n<p style=\"text-align: justify; line-height: 30px;\">Biarritz By Locals est une jeune agence r\u00e9ceptive dans le Pays Basque cr\u00e9\u00e9e il y a quelques ann\u00e9es par de jeunes locaux passionn\u00e9s par l\u2019histoire, la culture et la gastronomie de leur r\u00e9gion.<\/p>\n<p style=\"text-align: justify; line-height: 30px;\">L\u2019id\u00e9e est de vous faire vivre une exp\u00e9rience unique et locale afin de vous faire d\u00e9couvrir ce que le Pays Basque a de mieux \u00e0 offrir.<\/p>\n<p style=\"text-align: justify; line-height: 30px;\">A travers des activit\u00e9s locales sportives (pelote basque, rugby, surf, golf), culinaires (d\u00e9gustation au march\u00e9 et rencontre avec les producteurs locaux, cours de cuisine, d\u00e9gustation de vins locaux et visites de vignobles) et culturelles (visites d&rsquo;ateliers de fabrication de planches de surf, visites d&rsquo;atelier de fabrication de chistera, balades culturelle et historique) typiques du Pays Basque vous rencontrerez des personnes passionn\u00e9es et profond\u00e9ment attach\u00e9es \u00e0 leurs racines.<\/p>\n<p style=\"text-align: justify; line-height: 30px;\">Biarritz by Locals vous propose une prestation sur mesure pour vos \u00e9v\u00e8nements d\u2019entreprise mais aussi pour des groupes d\u2019amis (enterrements de vie de gar\u00e7on ou de jeune fille) au Pays Basque.<br \/>\nNous organisons tous types de s\u00e9jours personnalis\u00e9s (team building, incentive, s\u00e9minaires) en collaboration avec des partenaires fiables, sur des th\u00e8mes qui caract\u00e9risent si bien cette belle r\u00e9gion qui est la n\u00f4tre.<\/p>\n<p style=\"text-align: justify; line-height: 30px;\">Faites nous confiance pour l&rsquo;organisation de votre \u00e9v\u00e8nement d&rsquo;entreprise, comme d\u2019autres l\u2019ont d\u00e9j\u00e0 fait, et laissez vous guider en toute confiance.<\/p>\n<p style=\"text-align: justify; line-height: 30px;\">En esp\u00e9rant vous voir tr\u00e8s vite,<\/p>\n<p style=\"text-align: justify; line-height: 30px;\">Martin (g\u00e9rant, Biarritz by locals)<\/p>\n<\/div>\n<p>[\/vc_column_text][vc_separator][\/vc_column][\/vc_row][vc_row is_container=\u00a0\u00bbyes\u00a0\u00bb css=\u00a0\u00bb.vc_custom_1488392380174{margin-top: 20px !important;}\u00a0\u00bb][vc_column width=\u00a0\u00bb1\/3&Prime; offset=\u00a0\u00bbvc_col-md-4&Prime; el_class=\u00a0\u00bbtext-center\u00a0\u00bb][vc_column_text]<strong>Nos r\u00e9alisations&#8230;<\/strong><\/p>\n<p>D\u00e9gustation de produits locaux&#8230;<\/p>\n<p><img loading=\"lazy\" class=\"alignnone size-medium wp-image-477\" src=\"http:\/\/www.biarritzbylocals.com\/biarritzbylocals2017\/wp-content\/uploads\/2015\/09\/biarritz-by-locals-food-wine-tour-1-300x219.jpg\" alt=\"\" width=\"300\" height=\"219\" srcset=\"https:\/\/www.biarritzbylocals.com\/wp-content\/uploads\/2015\/09\/biarritz-by-locals-food-wine-tour-1-300x219.jpg 300w, https:\/\/www.biarritzbylocals.com\/wp-content\/uploads\/2015\/09\/biarritz-by-locals-food-wine-tour-1-768x562.jpg 768w, https:\/\/www.biarritzbylocals.com\/wp-content\/uploads\/2015\/09\/biarritz-by-locals-food-wine-tour-1.jpg 945w\" sizes=\"(max-width: 300px) 100vw, 300px\" \/><\/p>\n<p>Cours de cuisine basque&#8230;<\/p>\n<p><img loading=\"lazy\" class=\"alignnone size-medium wp-image-450\" src=\"http:\/\/www.biarritzbylocals.com\/biarritzbylocals2017\/wp-content\/uploads\/2016\/12\/basque-cooking-class-in-Biarritz-300x117.jpg\" alt=\"\" width=\"300\" height=\"117\" srcset=\"https:\/\/www.biarritzbylocals.com\/wp-content\/uploads\/2016\/12\/basque-cooking-class-in-Biarritz-300x117.jpg 300w, https:\/\/www.biarritzbylocals.com\/wp-content\/uploads\/2016\/12\/basque-cooking-class-in-Biarritz-768x299.jpg 768w, https:\/\/www.biarritzbylocals.com\/wp-content\/uploads\/2016\/12\/basque-cooking-class-in-Biarritz-1024x398.jpg 1024w, https:\/\/www.biarritzbylocals.com\/wp-content\/uploads\/2016\/12\/basque-cooking-class-in-Biarritz.jpg 1800w\" sizes=\"(max-width: 300px) 100vw, 300px\" \/><\/p>\n<p>Rencontre avec les producteurs&#8230;<\/p>\n<p><img loading=\"lazy\" class=\"alignnone size-medium wp-image-443\" src=\"http:\/\/www.biarritzbylocals.com\/biarritzbylocals2017\/wp-content\/uploads\/2016\/12\/visite-gastronomique-halles-biarritz-300x117.jpg\" alt=\"\" width=\"300\" height=\"117\" srcset=\"https:\/\/www.biarritzbylocals.com\/wp-content\/uploads\/2016\/12\/visite-gastronomique-halles-biarritz-300x117.jpg 300w, https:\/\/www.biarritzbylocals.com\/wp-content\/uploads\/2016\/12\/visite-gastronomique-halles-biarritz-768x299.jpg 768w, https:\/\/www.biarritzbylocals.com\/wp-content\/uploads\/2016\/12\/visite-gastronomique-halles-biarritz-1024x398.jpg 1024w, https:\/\/www.biarritzbylocals.com\/wp-content\/uploads\/2016\/12\/visite-gastronomique-halles-biarritz.jpg 1800w\" sizes=\"(max-width: 300px) 100vw, 300px\" \/>[\/vc_column_text][\/vc_column][vc_column width=\u00a0\u00bb1\/3&Prime; el_class=\u00a0\u00bbtext-center\u00a0\u00bb][vc_column_text]<strong>T\u00e9moignages&#8230;<\/strong><\/p>\n<p><a href=\"https:\/\/www.tripadvisor.fr\/ShowUserReviews-g187080-d2156545-r371966288-Biarritz_by_Locals-Biarritz_Basque_Country_Pyrenees_Atlantiques_Nouvelle_Aquitai.html#CHECK_RATES_CONT\">Virginia \u2013 GINKGO EVENTS<\/a><\/p>\n<blockquote style=\"text-align: justify; font-size: 12px;\"><p><i>Dans le cadre d&rsquo;un d\u00e9placement professionnel avec des clients, j&rsquo;ai fait appel aux services de Biarritz by Locals. Quel plaisir de travailler avec Martin et Chris ! Des personnes authentiques pour d\u00e9couvrir le Pays Basque et toutes ses richesses. Nous avons eu la chance de rencontrer des gens passionn\u00e9s par leur m\u00e9tier et d\u00e9sireux de partager les traditions de cette r\u00e9gion unique.<br \/>\nN&rsquo;h\u00e9sitez pas si vous voulez faire une visite guid\u00e9e des halles ou encore une visite comment\u00e9e de Biarritz, c&rsquo;est un grand moment de plaisir et de partage et vous ne serez pas d\u00e9\u00e7u !<br \/>\nVous repartirez du Pays Basque le coeur rempli d&rsquo;une \u00e9motion particuli\u00e8re et d&rsquo;un attachement certain \u00e0 des valeurs simples mais vraies.<\/i><\/p><\/blockquote>\n<p>&nbsp;<\/p>\n<p><a href=\"https:\/\/www.tripadvisor.fr\/ShowUserReviews-g187080-d2156545-r445217361-Biarritz_by_Locals-Biarritz_Basque_Country_Pyrenees_Atlantiques_Nouvelle_Aquitai.html#REVIEWS\">Appoline &#8211; Good life events<\/a><\/p>\n<blockquote style=\"text-align: justify; font-size: 12px;\"><p><i>Martin et son \u00e9quipe sont tr\u00e8s accueillants et professionnels. Les congressistes ont \u00e9t\u00e9 ravis de la d\u00e9gustation aux Halles de Biarritz lors du d\u00e9jeuner. Un moment tr\u00e8s convivial et parfait pour d\u00e9couvrir les sp\u00e9cialit\u00e9s culinaires de la r\u00e9gion. Les activit\u00e9s surf et kayak ont elles aussi \u00e9t\u00e9 tr\u00e8s appr\u00e9ci\u00e9es et parfaitement encadr\u00e9es. Au plaisir d&rsquo;une future collaboration avec Biarritzbylocals !<\/i><\/p><\/blockquote>\n<p>[\/vc_column_text][\/vc_column][vc_column width=\u00a0\u00bb1\/3&Prime;]<div role=\"form\" class=\"wpcf7\" id=\"wpcf7-f730-o1\" lang=\"en-US\" dir=\"ltr\">\n<div class=\"screen-reader-response\"><\/div>\n<form action=\"\/fr\/wp-json\/wp\/v2\/pages\/586#wpcf7-f730-o1\" method=\"post\" class=\"wpcf7-form\" novalidate=\"novalidate\">\n<div style=\"display: none;\">\n<input type=\"hidden\" name=\"_wpcf7\" value=\"730\" \/>\n<input type=\"hidden\" name=\"_wpcf7_version\" value=\"4.6.1\" \/>\n<input type=\"hidden\" name=\"_wpcf7_locale\" value=\"en_US\" \/>\n<input type=\"hidden\" name=\"_wpcf7_unit_tag\" value=\"wpcf7-f730-o1\" \/>\n<input type=\"hidden\" name=\"_wpnonce\" value=\"a208793f27\" \/>\n<\/div>\n<div class=\"text-center\"><strong>Vos coordonn\u00e9es...<\/strong><\/div>\n<p><label> Votre Nom<br \/>\n    <span class=\"wpcf7-form-control-wrap your-name\"><input type=\"text\" name=\"your-name\" value=\"\" size=\"40\" class=\"wpcf7-form-control wpcf7-text wpcf7-validates-as-required\" aria-required=\"true\" aria-invalid=\"false\" \/><\/span> <\/label><\/p>\n<p><label> Entreprise<br \/>\n    <span class=\"wpcf7-form-control-wrap company\"><input type=\"text\" name=\"company\" value=\"\" size=\"40\" class=\"wpcf7-form-control wpcf7-text wpcf7-validates-as-required\" aria-required=\"true\" aria-invalid=\"false\" \/><\/span> <\/label><\/p>\n<p><label>Phone No<br \/>\n<span class=\"wpcf7-form-control-wrap tel-902\"><input type=\"tel\" name=\"tel-902\" value=\"\" size=\"40\" class=\"wpcf7-form-control wpcf7-text wpcf7-tel wpcf7-validates-as-required wpcf7-validates-as-tel\" aria-required=\"true\" aria-invalid=\"false\" \/><\/span><\/label><\/p>\n<p><label> Adresse mail<br \/>\n    <span class=\"wpcf7-form-control-wrap your-email\"><input type=\"email\" name=\"your-email\" value=\"\" size=\"40\" class=\"wpcf7-form-control wpcf7-text wpcf7-email wpcf7-validates-as-required wpcf7-validates-as-email\" aria-required=\"true\" aria-invalid=\"false\" \/><\/span> <\/label><\/p>\n<p><label> Sujet<br \/>\n    <span class=\"wpcf7-form-control-wrap your-subject\"><input type=\"text\" name=\"your-subject\" value=\"\" size=\"40\" class=\"wpcf7-form-control wpcf7-text\" aria-invalid=\"false\" \/><\/span> <\/label><\/p>\n<p><label> Votre Message<br \/>\n    <span class=\"wpcf7-form-control-wrap your-message\"><textarea name=\"your-message\" cols=\"40\" rows=\"10\" class=\"wpcf7-form-control wpcf7-textarea\" aria-invalid=\"false\"><\/textarea><\/span> <\/label><\/p>\n<p><input type=\"submit\" value=\"Envoyer\" class=\"wpcf7-form-control wpcf7-submit\" \/><\/p>\n<div class=\"wpcf7-response-output wpcf7-display-none\"><\/div><\/form><\/div>[\/vc_column][\/vc_row]<\/p>","protected":false},"excerpt":{"rendered":"<p>[vc_row is_container=\u00a0\u00bbyes\u00a0\u00bb el_class=\u00a0\u00bbmargin_top_60&Prime;][vc_column][vc_column_text] Vous \u00eates une entreprise ? &nbsp; Biarritz By Locals est une jeune agence r\u00e9ceptive dans le Pays Basque cr\u00e9\u00e9e il y a quelques ann\u00e9es par de jeunes locaux passionn\u00e9s par l\u2019histoire, la culture et la gastronomie de leur r\u00e9gion. L\u2019id\u00e9e est de vous faire vivre une exp\u00e9rience unique et locale afin de [&hellip;]<\/p>\n","protected":false},"author":1,"featured_media":0,"parent":0,"menu_order":0,"comment_status":"closed","ping_status":"closed","template":"templates\/template-full-width.php","meta":[],"_links":{"self":[{"href":"https:\/\/www.biarritzbylocals.com\/fr\/wp-json\/wp\/v2\/pages\/586"}],"collection":[{"href":"https:\/\/www.biarritzbylocals.com\/fr\/wp-json\/wp\/v2\/pages"}],"about":[{"href":"https:\/\/www.biarritzbylocals.com\/fr\/wp-json\/wp\/v2\/types\/page"}],"author":[{"embeddable":true,"href":"https:\/\/www.biarritzbylocals.com\/fr\/wp-json\/wp\/v2\/users\/1"}],"replies":[{"embeddable":true,"href":"https:\/\/www.biarritzbylocals.com\/fr\/wp-json\/wp\/v2\/comments?post=586"}],"version-history":[{"count":50,"href":"https:\/\/www.biarritzbylocals.com\/fr\/wp-json\/wp\/v2\/pages\/586\/revisions"}],"predecessor-version":[{"id":1931,"href":"https:\/\/www.biarritzbylocals.com\/fr\/wp-json\/wp\/v2\/pages\/586\/revisions\/1931"}],"wp:attachment":[{"href":"https:\/\/www.biarritzbylocals.com\/fr\/wp-json\/wp\/v2\/media?parent=586"}],"curies":[{"name":"wp","href":"https:\/\/api.w.org\/{rel}","templated":true}]}}