{"id":2184,"date":"2018-06-12T16:38:35","date_gmt":"2018-06-12T16:38:35","guid":{"rendered":"https:\/\/www.biarritzbylocals.com\/en\/?page_id=2184"},"modified":"2019-07-01T14:58:51","modified_gmt":"2019-07-01T14:58:51","slug":"nos-amis","status":"publish","type":"page","link":"https:\/\/www.biarritzbylocals.com\/fr\/nos-amis\/","title":{"rendered":"Nos Amis"},"content":{"rendered":"<p><\/p>\n<h1 style=\"text-align: center;\"><strong>Nos partenaires locaux<\/strong><\/h1>\n<p><img loading=\"lazy\" class=\" wp-image-2185 aligncenter\" src=\"https:\/\/www.biarritzbylocals.com\/wp-content\/uploads\/2018\/06\/logo_bikerental-site.png\" alt=\"\" width=\"301\" height=\"301\" srcset=\"https:\/\/www.biarritzbylocals.com\/wp-content\/uploads\/2018\/06\/logo_bikerental-site.png 300w, https:\/\/www.biarritzbylocals.com\/wp-content\/uploads\/2018\/06\/logo_bikerental-site-150x150.png 150w, https:\/\/www.biarritzbylocals.com\/wp-content\/uploads\/2018\/06\/logo_bikerental-site-180x180.png 180w\" sizes=\"(max-width: 301px) 100vw, 301px\" \/><\/p>\n<h2 style=\"text-align: center;\"><a href=\"https:\/\/www.martybikerental.com\/fr\/\">www.martybikerental.com<\/a><\/h2>\n<p style=\"text-align: center;\">Location et livraison de v\u00e9los et v\u00e9los \u00e9lectrique \u00e0 domicile \u00e0 Biarritz et sur la C\u00f4te Basque.<\/p>\n<p style=\"text-align: center;\"><img loading=\"lazy\" class=\"alignnone wp-image-2187\" src=\"https:\/\/www.biarritzbylocals.com\/wp-content\/uploads\/2018\/06\/MartySD_logocercle-noir-1-300x300.png\" alt=\"Martysurfdelivery.com\" width=\"290\" height=\"290\" srcset=\"https:\/\/www.biarritzbylocals.com\/wp-content\/uploads\/2018\/06\/MartySD_logocercle-noir-1-300x300.png 300w, https:\/\/www.biarritzbylocals.com\/wp-content\/uploads\/2018\/06\/MartySD_logocercle-noir-1-150x150.png 150w, https:\/\/www.biarritzbylocals.com\/wp-content\/uploads\/2018\/06\/MartySD_logocercle-noir-1-180x180.png 180w, https:\/\/www.biarritzbylocals.com\/wp-content\/uploads\/2018\/06\/MartySD_logocercle-noir-1.png 405w\" sizes=\"(max-width: 290px) 100vw, 290px\" \/><\/p>\n<h2 style=\"text-align: center;\"><a href=\"https:\/\/www.martysurfdelivery.com\/fr\/\">www.martysurfdelivery.com<\/a><\/h2>\n<p style=\"text-align: center;\">Location et livraison de planche de surf \u00e0 domicile \u00e0 Biarritz et sur la C\u00f4te Basque.<\/p>\n<p><\/p>","protected":false},"excerpt":{"rendered":"<p>Nos partenaires locaux www.martybikerental.com Location et livraison de v\u00e9los et v\u00e9los \u00e9lectrique \u00e0 domicile \u00e0 Biarritz et sur la C\u00f4te Basque. www.martysurfdelivery.com Location et livraison de planche de surf \u00e0 domicile \u00e0 Biarritz et sur la C\u00f4te Basque.<\/p>\n","protected":false},"author":1,"featured_media":0,"parent":0,"menu_order":0,"comment_status":"closed","ping_status":"closed","template":"templates\/template-full-width.php","meta":[],"_links":{"self":[{"href":"https:\/\/www.biarritzbylocals.com\/fr\/wp-json\/wp\/v2\/pages\/2184"}],"collection":[{"href":"https:\/\/www.biarritzbylocals.com\/fr\/wp-json\/wp\/v2\/pages"}],"about":[{"href":"https:\/\/www.biarritzbylocals.com\/fr\/wp-json\/wp\/v2\/types\/page"}],"author":[{"embeddable":true,"href":"https:\/\/www.biarritzbylocals.com\/fr\/wp-json\/wp\/v2\/users\/1"}],"replies":[{"embeddable":true,"href":"https:\/\/www.biarritzbylocals.com\/fr\/wp-json\/wp\/v2\/comments?post=2184"}],"version-history":[{"count":8,"href":"https:\/\/www.biarritzbylocals.com\/fr\/wp-json\/wp\/v2\/pages\/2184\/revisions"}],"predecessor-version":[{"id":2323,"href":"https:\/\/www.biarritzbylocals.com\/fr\/wp-json\/wp\/v2\/pages\/2184\/revisions\/2323"}],"wp:attachment":[{"href":"https:\/\/www.biarritzbylocals.com\/fr\/wp-json\/wp\/v2\/media?parent=2184"}],"curies":[{"name":"wp","href":"https:\/\/api.w.org\/{rel}","templated":true}]}}