{"id":199,"date":"2015-10-02T15:30:03","date_gmt":"2015-10-02T15:30:03","guid":{"rendered":"http:\/\/www.soaptheme.net\/wordpress\/citytours\/?page_id=199"},"modified":"2019-07-01T14:23:19","modified_gmt":"2019-07-01T14:23:19","slug":"accueil","status":"publish","type":"page","link":"https:\/\/www.biarritzbylocals.com\/fr\/","title":{"rendered":"Accueil"},"content":{"rendered":"<p>[vc_row is_container=\u00a0\u00bbyes\u00a0\u00bb el_class=\u00a0\u00bbmargin_60&Prime;][vc_column][vc_column_text]<\/p>\n<div class=\"main_title\">\n<h2>Meilleures visites guid\u00e9es \u00e0 Biarritz<\/h2>\n<p>Partez \u00e0 la d\u00e9couverte de Biarritz en participant \u00e0 nos meilleurs tours et visites guid\u00e9es<\/p>\n<\/div>\n<p>[\/vc_column_text][vc_column_text][\/vc_column_text]<div class=\"tour-list row add-clearfix\"><div class=\"col-md-4 col-sm-6 wow zoomIn\" data-wow-delay=\"0.1s\">\t<div class=\"tour_container\">\r\n\t\t<div class=\"img_container\">\r\n\t\t\t<a href=\"https:\/\/www.biarritzbylocals.com\/fr\/visite\/degustation-privee-halles-biarritz-visite\/\">\r\n\t\t\t<img width=\"400\" height=\"267\" src=\"https:\/\/www.biarritzbylocals.com\/wp-content\/uploads\/2017\/03\/biarritz-by-locals-food-wine-tour-e1488890249456-400x267.jpg\" class=\"attachment-ct-list-thumb size-ct-list-thumb wp-post-image\" alt=\"\" loading=\"lazy\" \/>\t\t\t<!-- <div class=\"ribbon top_rated\"><\/div> -->\r\n\t\t\t<div class=\"short_info\">\r\n\t\t\t\t\t\t\t\t<span class=\"price\"><span>69<sup>&euro;<\/sup><\/span><\/span>\r\n\t\t\t<\/div>\r\n\t\t\t<\/a>\r\n\t\t<\/div>\r\n\t\t<div class=\"tour_title\">\r\n\t\t\t<h3>D\u00e9gustation aux halles de Biarritz (visite priv\u00e9e)<\/h3>\r\n\t\t\t<div class=\"rating\">\r\n\t\t\t\t<i class=\"icon-smile\"><\/i><i class=\"icon-smile\"><\/i><i class=\"icon-smile\"><\/i><i class=\"icon-smile\"><\/i><i class=\"icon-smile\"><\/i><small>(0)<\/small>\r\n\t\t\t<\/div><!-- end rating -->\r\n\t\t\t\t\t<\/div>\r\n\t<\/div><!-- End box tour -->\r\n<\/div><!-- End col-md-6 --><div class=\"col-md-4 col-sm-6 wow zoomIn\" data-wow-delay=\"0.1s\">\t<div class=\"tour_container\">\r\n\t\t<div class=\"img_container\">\r\n\t\t\t<a href=\"https:\/\/www.biarritzbylocals.com\/fr\/visite\/visite-historique-privee-biarritz-pays-basque\/\">\r\n\t\t\t<img width=\"400\" height=\"267\" src=\"https:\/\/www.biarritzbylocals.com\/wp-content\/uploads\/2015\/09\/1BB0A924-4630-4129-AE45-1CBEBAACF9A4@home-400x267.jpeg\" class=\"attachment-ct-list-thumb size-ct-list-thumb wp-post-image\" alt=\"\" loading=\"lazy\" \/>\t\t\t<!-- <div class=\"ribbon top_rated\"><\/div> -->\r\n\t\t\t<div class=\"short_info\">\r\n\t\t\t\t\t\t\t\t<span class=\"price\"><span>39<sup>&euro;<\/sup><\/span><\/span>\r\n\t\t\t<\/div>\r\n\t\t\t<\/a>\r\n\t\t<\/div>\r\n\t\t<div class=\"tour_title\">\r\n\t\t\t<h3>Visite historique de Biarritz (visite priv\u00e9e)<\/h3>\r\n\t\t\t<div class=\"rating\">\r\n\t\t\t\t<i class=\"icon-smile\"><\/i><i class=\"icon-smile\"><\/i><i class=\"icon-smile\"><\/i><i class=\"icon-smile\"><\/i><i class=\"icon-smile\"><\/i><small>(0)<\/small>\r\n\t\t\t<\/div><!-- end rating -->\r\n\t\t\t\t\t<\/div>\r\n\t<\/div><!-- End box tour -->\r\n<\/div><!-- End col-md-6 --><div class=\"col-md-4 col-sm-6 wow zoomIn\" data-wow-delay=\"0.1s\">\t<div class=\"tour_container\">\r\n\t\t<div class=\"img_container\">\r\n\t\t\t<a href=\"https:\/\/www.biarritzbylocals.com\/fr\/visite\/visite-domaine-viticole-vin-degustation-biarritz-pays-basque\/\">\r\n\t\t\t<img width=\"400\" height=\"267\" src=\"https:\/\/www.biarritzbylocals.com\/wp-content\/uploads\/2017\/05\/visite-vignoble-saint-jean-de-luz-pays-basque-400x267.jpg\" class=\"attachment-ct-list-thumb size-ct-list-thumb wp-post-image\" alt=\"\" loading=\"lazy\" \/>\t\t\t<!-- <div class=\"ribbon top_rated\"><\/div> -->\r\n\t\t\t<div class=\"short_info\">\r\n\t\t\t\t<i class=\" icon_set_1_icon-14\"><\/i>Gastronomie\t\t\t\t<span class=\"price\"><span>55<sup>&euro;<\/sup><\/span><\/span>\r\n\t\t\t<\/div>\r\n\t\t\t<\/a>\r\n\t\t<\/div>\r\n\t\t<div class=\"tour_title\">\r\n\t\t\t<h3>Visite et d\u00e9gustation de vins locaux<\/h3>\r\n\t\t\t<div class=\"rating\">\r\n\t\t\t\t<i class=\"icon-smile\"><\/i><i class=\"icon-smile\"><\/i><i class=\"icon-smile\"><\/i><i class=\"icon-smile\"><\/i><i class=\"icon-smile\"><\/i><small>(0)<\/small>\r\n\t\t\t<\/div><!-- end rating -->\r\n\t\t\t\t\t<\/div>\r\n\t<\/div><!-- End box tour -->\r\n<\/div><!-- End col-md-6 --><div class=\"col-md-4 col-sm-6 wow zoomIn\" data-wow-delay=\"0.1s\">\t<div class=\"tour_container\">\r\n\t\t<div class=\"img_container\">\r\n\t\t\t<a href=\"https:\/\/www.biarritzbylocals.com\/fr\/visite\/experience-culinaire-diner-chez-un-local-biarritz-pays-basque\/\">\r\n\t\t\t<img width=\"400\" height=\"267\" src=\"https:\/\/www.biarritzbylocals.com\/wp-content\/uploads\/2017\/04\/biarritz-by-locals-diner-at-a-local-400x267.jpg\" class=\"attachment-ct-list-thumb size-ct-list-thumb wp-post-image\" alt=\"\" loading=\"lazy\" \/>\t\t\t<!-- <div class=\"ribbon top_rated\"><\/div> -->\r\n\t\t\t<div class=\"short_info\">\r\n\t\t\t\t<i class=\" icon_set_1_icon-14\"><\/i>Gastronomie\t\t\t\t<span class=\"price\"><span>119<sup>&euro;<\/sup><\/span><\/span>\r\n\t\t\t<\/div>\r\n\t\t\t<\/a>\r\n\t\t<\/div>\r\n\t\t<div class=\"tour_title\">\r\n\t\t\t<h3>D\u00eener chez un h\u00f4te \u00e0 Biarritz<\/h3>\r\n\t\t\t<div class=\"rating\">\r\n\t\t\t\t<i class=\"icon-smile\"><\/i><i class=\"icon-smile\"><\/i><i class=\"icon-smile\"><\/i><i class=\"icon-smile\"><\/i><i class=\"icon-smile\"><\/i><small>(0)<\/small>\r\n\t\t\t<\/div><!-- end rating -->\r\n\t\t\t\t\t<\/div>\r\n\t<\/div><!-- End box tour -->\r\n<\/div><!-- End col-md-6 --><div class=\"col-md-4 col-sm-6 wow zoomIn\" data-wow-delay=\"0.1s\">\t<div class=\"tour_container\">\r\n\t\t<div class=\"img_container\">\r\n\t\t\t<a href=\"https:\/\/www.biarritzbylocals.com\/fr\/visite\/guidee-atelier-fabrication-chistera-pelote-basque-biarritz-pays-basque\/\">\r\n\t\t\t<img width=\"400\" height=\"267\" src=\"https:\/\/www.biarritzbylocals.com\/wp-content\/uploads\/2017\/03\/gantsmur-copie-400x267.jpg\" class=\"attachment-ct-list-thumb size-ct-list-thumb wp-post-image\" alt=\"\" loading=\"lazy\" \/>\t\t\t<!-- <div class=\"ribbon top_rated\"><\/div> -->\r\n\t\t\t<div class=\"short_info\">\r\n\t\t\t\t<i class=\" icon_set_1_icon-4\"><\/i>Culturel\t\t\t\t<span class=\"price\"><span>19<sup>&euro;<\/sup><\/span><\/span>\r\n\t\t\t<\/div>\r\n\t\t\t<\/a>\r\n\t\t<\/div>\r\n\t\t<div class=\"tour_title\">\r\n\t\t\t<h3>Visite atelier de fabrication de chistera \u00e0 Biarritz<\/h3>\r\n\t\t\t<div class=\"rating\">\r\n\t\t\t\t<i class=\"icon-smile\"><\/i><i class=\"icon-smile\"><\/i><i class=\"icon-smile\"><\/i><i class=\"icon-smile\"><\/i><i class=\"icon-smile\"><\/i><small>(0)<\/small>\r\n\t\t\t<\/div><!-- end rating -->\r\n\t\t\t\t\t<\/div>\r\n\t<\/div><!-- End box tour -->\r\n<\/div><!-- End col-md-6 --><div class=\"col-md-4 col-sm-6 wow zoomIn\" data-wow-delay=\"0.1s\">\t<div class=\"tour_container\">\r\n\t\t<div class=\"img_container\">\r\n\t\t\t<a href=\"https:\/\/www.biarritzbylocals.com\/fr\/visite\/experience-guide-coach-surf-biarritz-cote-basque\/\">\r\n\t\t\t<img width=\"400\" height=\"267\" src=\"https:\/\/www.biarritzbylocals.com\/wp-content\/uploads\/2017\/03\/martysurfdelivery-surf-surfing-guide-private-lesson-pays-basque-biarritz-400x267.jpg\" class=\"attachment-ct-list-thumb size-ct-list-thumb wp-post-image\" alt=\"\" loading=\"lazy\" srcset=\"https:\/\/www.biarritzbylocals.com\/wp-content\/uploads\/2017\/03\/martysurfdelivery-surf-surfing-guide-private-lesson-pays-basque-biarritz-400x267.jpg 400w, https:\/\/www.biarritzbylocals.com\/wp-content\/uploads\/2017\/03\/martysurfdelivery-surf-surfing-guide-private-lesson-pays-basque-biarritz-300x200.jpg 300w, https:\/\/www.biarritzbylocals.com\/wp-content\/uploads\/2017\/03\/martysurfdelivery-surf-surfing-guide-private-lesson-pays-basque-biarritz-768x512.jpg 768w, https:\/\/www.biarritzbylocals.com\/wp-content\/uploads\/2017\/03\/martysurfdelivery-surf-surfing-guide-private-lesson-pays-basque-biarritz-1024x683.jpg 1024w, https:\/\/www.biarritzbylocals.com\/wp-content\/uploads\/2017\/03\/martysurfdelivery-surf-surfing-guide-private-lesson-pays-basque-biarritz.jpg 1200w\" sizes=\"(max-width: 400px) 100vw, 400px\" \/>\t\t\t<!-- <div class=\"ribbon top_rated\"><\/div> -->\r\n\t\t\t<div class=\"short_info\">\r\n\t\t\t\t<i class=\"icon_set_2_icon-117\"><\/i>Sportif\t\t\t\t<span class=\"price\"><span>130<sup>&euro;<\/sup><\/span><\/span>\r\n\t\t\t<\/div>\r\n\t\t\t<\/a>\r\n\t\t<\/div>\r\n\t\t<div class=\"tour_title\">\r\n\t\t\t<h3>Guide surf \u00e0 Biarritz<\/h3>\r\n\t\t\t<div class=\"rating\">\r\n\t\t\t\t<i class=\"icon-smile\"><\/i><i class=\"icon-smile\"><\/i><i class=\"icon-smile\"><\/i><i class=\"icon-smile\"><\/i><i class=\"icon-smile\"><\/i><small>(0)<\/small>\r\n\t\t\t<\/div><!-- end rating -->\r\n\t\t\t\t\t<\/div>\r\n\t<\/div><!-- End box tour -->\r\n<\/div><!-- End col-md-6 --><div class=\"col-md-4 col-sm-6 wow zoomIn\" data-wow-delay=\"0.1s\">\t<div class=\"tour_container\">\r\n\t\t<div class=\"img_container\">\r\n\t\t\t<a href=\"https:\/\/www.biarritzbylocals.com\/fr\/visite\/cours-lecon-initiation-surf-biarritz-cote-basque\/\">\r\n\t\t\t<img width=\"400\" height=\"267\" src=\"https:\/\/www.biarritzbylocals.com\/wp-content\/uploads\/2017\/03\/surf-surfing-guide-explore-basque-country-landes-private-lesson-biarritz-hossegor-tripadvisor-400x267.jpg\" class=\"attachment-ct-list-thumb size-ct-list-thumb wp-post-image\" alt=\"\" loading=\"lazy\" srcset=\"https:\/\/www.biarritzbylocals.com\/wp-content\/uploads\/2017\/03\/surf-surfing-guide-explore-basque-country-landes-private-lesson-biarritz-hossegor-tripadvisor-400x267.jpg 400w, https:\/\/www.biarritzbylocals.com\/wp-content\/uploads\/2017\/03\/surf-surfing-guide-explore-basque-country-landes-private-lesson-biarritz-hossegor-tripadvisor-300x200.jpg 300w, https:\/\/www.biarritzbylocals.com\/wp-content\/uploads\/2017\/03\/surf-surfing-guide-explore-basque-country-landes-private-lesson-biarritz-hossegor-tripadvisor-768x512.jpg 768w, https:\/\/www.biarritzbylocals.com\/wp-content\/uploads\/2017\/03\/surf-surfing-guide-explore-basque-country-landes-private-lesson-biarritz-hossegor-tripadvisor-1024x683.jpg 1024w, https:\/\/www.biarritzbylocals.com\/wp-content\/uploads\/2017\/03\/surf-surfing-guide-explore-basque-country-landes-private-lesson-biarritz-hossegor-tripadvisor.jpg 1200w\" sizes=\"(max-width: 400px) 100vw, 400px\" \/>\t\t\t<!-- <div class=\"ribbon top_rated\"><\/div> -->\r\n\t\t\t<div class=\"short_info\">\r\n\t\t\t\t<i class=\"icon_set_2_icon-117\"><\/i>Sportif\t\t\t\t<span class=\"price\"><span>45<sup>&euro;<\/sup><\/span><\/span>\r\n\t\t\t<\/div>\r\n\t\t\t<\/a>\r\n\t\t<\/div>\r\n\t\t<div class=\"tour_title\">\r\n\t\t\t<h3>Initiation au surf \u00e0 Biarritz<\/h3>\r\n\t\t\t<div class=\"rating\">\r\n\t\t\t\t<i class=\"icon-smile\"><\/i><i class=\"icon-smile\"><\/i><i class=\"icon-smile\"><\/i><i class=\"icon-smile\"><\/i><i class=\"icon-smile\"><\/i><small>(0)<\/small>\r\n\t\t\t<\/div><!-- end rating -->\r\n\t\t\t\t\t<\/div>\r\n\t<\/div><!-- End box tour -->\r\n<\/div><!-- End col-md-6 --><div class=\"col-md-4 col-sm-6 wow zoomIn\" data-wow-delay=\"0.1s\">\t<div class=\"tour_container\">\r\n\t\t<div class=\"img_container\">\r\n\t\t\t<a href=\"https:\/\/www.biarritzbylocals.com\/fr\/visite\/cours-cuisine-basque-biarritz-pays-basque\/\">\r\n\t\t\t<img width=\"400\" height=\"267\" src=\"https:\/\/www.biarritzbylocals.com\/wp-content\/uploads\/2017\/02\/basque-cooking-class-in-Biarritz-1200x800-400x267.jpg\" class=\"attachment-ct-list-thumb size-ct-list-thumb wp-post-image\" alt=\"\" loading=\"lazy\" srcset=\"https:\/\/www.biarritzbylocals.com\/wp-content\/uploads\/2017\/02\/basque-cooking-class-in-Biarritz-1200x800-400x267.jpg 400w, https:\/\/www.biarritzbylocals.com\/wp-content\/uploads\/2017\/02\/basque-cooking-class-in-Biarritz-1200x800-300x200.jpg 300w, https:\/\/www.biarritzbylocals.com\/wp-content\/uploads\/2017\/02\/basque-cooking-class-in-Biarritz-1200x800-768x512.jpg 768w, https:\/\/www.biarritzbylocals.com\/wp-content\/uploads\/2017\/02\/basque-cooking-class-in-Biarritz-1200x800-1024x683.jpg 1024w, https:\/\/www.biarritzbylocals.com\/wp-content\/uploads\/2017\/02\/basque-cooking-class-in-Biarritz-1200x800.jpg 1200w\" sizes=\"(max-width: 400px) 100vw, 400px\" \/>\t\t\t<!-- <div class=\"ribbon top_rated\"><\/div> -->\r\n\t\t\t<div class=\"short_info\">\r\n\t\t\t\t<i class=\" icon_set_1_icon-14\"><\/i>Gastronomie\t\t\t\t<span class=\"price\"><span>89<sup>&euro;<\/sup><\/span><\/span>\r\n\t\t\t<\/div>\r\n\t\t\t<\/a>\r\n\t\t<\/div>\r\n\t\t<div class=\"tour_title\">\r\n\t\t\t<h3>Cours de cuisine basque \u00e0 Biarritz<\/h3>\r\n\t\t\t<div class=\"rating\">\r\n\t\t\t\t<i class=\"icon-smile\"><\/i><i class=\"icon-smile\"><\/i><i class=\"icon-smile\"><\/i><i class=\"icon-smile\"><\/i><i class=\"icon-smile\"><\/i><small>(0)<\/small>\r\n\t\t\t<\/div><!-- end rating -->\r\n\t\t\t\t\t<\/div>\r\n\t<\/div><!-- End box tour -->\r\n<\/div><!-- End col-md-6 --><div class=\"col-md-4 col-sm-6 wow zoomIn\" data-wow-delay=\"0.1s\">\t<div class=\"tour_container\">\r\n\t\t<div class=\"img_container\">\r\n\t\t\t<a href=\"https:\/\/www.biarritzbylocals.com\/fr\/visite\/tournee-degustation-tapas-pintxos-biarritz-pays-basque\/\">\r\n\t\t\t<img width=\"400\" height=\"267\" src=\"https:\/\/www.biarritzbylocals.com\/wp-content\/uploads\/2017\/02\/visite-gastronomique-halles-biarritz-1200x800-400x267.jpg\" class=\"attachment-ct-list-thumb size-ct-list-thumb wp-post-image\" alt=\"\" loading=\"lazy\" srcset=\"https:\/\/www.biarritzbylocals.com\/wp-content\/uploads\/2017\/02\/visite-gastronomique-halles-biarritz-1200x800-400x267.jpg 400w, https:\/\/www.biarritzbylocals.com\/wp-content\/uploads\/2017\/02\/visite-gastronomique-halles-biarritz-1200x800-300x200.jpg 300w, https:\/\/www.biarritzbylocals.com\/wp-content\/uploads\/2017\/02\/visite-gastronomique-halles-biarritz-1200x800-768x512.jpg 768w, https:\/\/www.biarritzbylocals.com\/wp-content\/uploads\/2017\/02\/visite-gastronomique-halles-biarritz-1200x800-1024x683.jpg 1024w, https:\/\/www.biarritzbylocals.com\/wp-content\/uploads\/2017\/02\/visite-gastronomique-halles-biarritz-1200x800.jpg 1200w\" sizes=\"(max-width: 400px) 100vw, 400px\" \/>\t\t\t<!-- <div class=\"ribbon top_rated\"><\/div> -->\r\n\t\t\t<div class=\"short_info\">\r\n\t\t\t\t<i class=\" icon_set_1_icon-14\"><\/i>Gastronomie\t\t\t\t<span class=\"price\"><span>69<sup>&euro;<\/sup><\/span><\/span>\r\n\t\t\t<\/div>\r\n\t\t\t<\/a>\r\n\t\t<\/div>\r\n\t\t<div class=\"tour_title\">\r\n\t\t\t<h3>Tourn\u00e9e des bars \u00e0 tapas \u00e0 Biarritz<\/h3>\r\n\t\t\t<div class=\"rating\">\r\n\t\t\t\t<i class=\"icon-smile\"><\/i><i class=\"icon-smile\"><\/i><i class=\"icon-smile\"><\/i><i class=\"icon-smile\"><\/i><i class=\"icon-smile\"><\/i><small>(0)<\/small>\r\n\t\t\t<\/div><!-- end rating -->\r\n\t\t\t\t\t<\/div>\r\n\t<\/div><!-- End box tour -->\r\n<\/div><!-- End col-md-6 --><\/div>[vc_column_text]<\/p>\n<p class=\"text-center add_bottom_30\"><a class=\"btn_1 medium\" href=\"http:\/\/www.biarritzbylocals.com\/tour\/\"><i class=\"icon-eye-7\"><\/i>Voir tous les tours<\/a><\/p>\n<p>[\/vc_column_text][vc_column_text css=\u00a0\u00bb.vc_custom_1561990866459{margin-top: 30px !important;margin-bottom: 30px !important;padding-top: 30px !important;padding-right: 30px !important;padding-bottom: 30px !important;padding-left: 30px !important;background-color: #ffffff !important;}\u00a0\u00bb]<\/p>\n<div class=\"main_title\">\n<h2 style=\"text-align: center;\"><span style=\"color: #333333;\"><strong>Que faire \u00e0 Biarritz ?\u00a0 Comment vivent les Biarrots ?<\/strong><\/span><\/h2>\n<p>&nbsp;<\/p>\n<p style=\"text-align: justify; line-height: 30px;\">Biarritz by locals est une petite agence r\u00e9ceptive \u00e0 Biarritz qui est n\u00e9e en r\u00e9ponse \u00e0 une \u00a0question que l\u2019on se posait \u00e0 chacun de nos voyages \u00e0 l\u2019\u00e9tranger \u00ab Que font les gens ici ? Comment vivent-ils ? O\u00f9 sortent-ils ? \u00bb<br \/>\nL\u2019objectif de nos voyages a toujours \u00e9t\u00e9 de s\u2019impr\u00e9gner de la culture du pays, en partageant des moments avec les locaux!<br \/>\nVivre la culture d\u2019un autre pays, demande souvent beaucoup de temps, de curiosit\u00e9 et d&rsquo;y \u00eatre introduit.<br \/>\nC\u2019est de l\u00e0 que nous est venu le concept de Biarritz By Locals qui a pour but de faciliter l\u2019acc\u00e8s \u00e0 la culture, au mode de vie des habitants de Biarritz en peu de temps tout simplement en partant \u00e0 la rencontre d&rsquo;artisans, de sportifs ou de simples citoyens basques.<br \/>\nLe Pays Basque est un lieu hors du commun surtout dot\u00e9 d\u2019une culture tr\u00e8s riche mais aussi difficilement accessible de par sa langue (Euskara) principalement.<br \/>\nNous vous proposons donc des activit\u00e9s, visites, rencontres avec des personnalit\u00e9s typiques du Pays Basque en peu de temps et en allant directement au coeur de notre si belle r\u00e9gion!<\/p>\n<\/div>\n<p>[\/vc_column_text][\/vc_column][\/vc_row][vc_row][vc_column]<section class=\"parallax-window\" data-parallax=\"scroll\" data-image-src=\"http:\/\/www.biarritzbylocals.com\/wp-content\/uploads\/2017\/02\/homepage.jpg\" data-natural-width=\"1400\" data-natural-height=\"\"><div class=\"parallax-content-1 magnific\">[vc_raw_html]JTNDZGl2JTIwY2xhc3MlM0QlMjJ2Y19yb3clMjB3cGJfcm93JTIwcm93JTIyJTNFJTBBJTA5JTNDZGl2JTIwY2xhc3MlM0QlMjJjb2wtc20tMTIlMjAlMjIlM0UlMEElMDklMDklMDklM0NzZWN0aW9uJTIwY2xhc3MlM0QlMjJwYXJhbGxheC13aW5kb3clMjIlMjBkYXRhLXBhcmFsbGF4JTNEJTIyc2Nyb2xsJTIyJTIwZGF0YS1pbWFnZS1zcmMlM0QlMjJodHRwJTNBJTJGJTJGd3d3LmJpYXJyaXR6Ynlsb2NhbHMuY29tJTJGd3AtY29udGVudCUyRnVwbG9hZHMlMkYyMDE3JTJGMDIlMkZob21lcGFnZS5qcGclMjIlMjBkYXRhLW5hdHVyYWwtd2lkdGglM0QlMjIxNDAwJTIyJTIwZGF0YS1uYXR1cmFsLWhlaWdodCUzRCUyMjQ3MCUyMiUzRSUzQ2RpdiUyMGNsYXNzJTNEJTIycGFyYWxsYXgtY29udGVudC0xJTIwbWFnbmlmaWMlMjIlM0UlMEElMDklM0NkaXYlMjBjbGFzcyUzRCUyMndwYl9yYXdfY29kZSUyMHdwYl9jb250ZW50X2VsZW1lbnQlMjB3cGJfcmF3X2h0bWwlMjIlM0UlMEElMDklMDklM0NkaXYlMjBjbGFzcyUzRCUyMndwYl93cmFwcGVyJTIyJTNFJTBBJTA5JTA5JTA5JTNDZGl2JTNFJTBBJTIwJTIwJTIwJTIwJTNDaDMlM0UtJTIwQmlhcnJpdHolMjAtJTNDJTJGaDMlM0UlMEElMjAlMjAlMjAlM0NwJTNFJTIwRCVDMyVBOWNvdXZyZXolMjBpY2klMjBCaWFycml0eiUyMGVuJTIwdmlkJUMzJUE5byUyMCUzQyUyRnAlM0UlMEElMjAlMjAlMjAlMjAlM0NhJTIwaHJlZiUzRCUyMmh0dHBzJTNBJTJGJTJGdmltZW8uY29tJTJGMjExMDgyNzY3JTIyJTIwY2xhc3MlM0QlMjJ2aWRlbyUyMiUzRSUzQ2klMjBjbGFzcyUzRCUyMmljb24tcGxheS1jaXJjbGVkMi0xJTIyJTNFJTNDJTJGaSUzRSUzQyUyRmElM0UlMEElM0MlMkZkaXYlM0UlMEElMDklMDklM0MlMkZkaXYlM0UlMEElMDklM0MlMkZkaXYlM0UlMEElM0MlMkZkaXYlM0UlM0MlMkZzZWN0aW9uJTNFJTBBJTA5JTNDJTJGZGl2JTNFJTIwJTBBJTNDJTJGZGl2JTNF[\/vc_raw_html]<\/div><\/section>[\/vc_column][\/vc_row][vc_row is_container=\u00a0\u00bbyes\u00a0\u00bb el_class=\u00a0\u00bbmargin_60&Prime;][vc_column][vc_column_text]<\/p>\n<div class=\"main_title\">\n<h2>3 bonnes raisons<\/h2>\n<p>de venir partager avec nous des exp\u00e9riences uniques au Pays Basque<\/p>\n<\/div>\n<p>[\/vc_column_text][vc_column_text]<\/p>\n<p>[\/vc_column_text][vc_row_inner equal_height=\u00a0\u00bbyes\u00a0\u00bb][vc_column_inner width=\u00a0\u00bb1\/3&Prime;]<div class=\"ct-icon-box \"><i class=\"icon_set_1_icon-43\"><\/i>\n<h3><strong>La perle de la C\u00f4te Basque<\/strong><\/h3>\n<p class=\"\">Situ\u00e9e dans le sud-ouest de la France, sur la C\u00f4te Basque, Biarritz est une destination de choix marqu\u00e9e par le passage de Napol\u00e9on III et&#8230;<\/p>\n<p><a class=\"btn_1 outline\" href=\"https:\/\/www.biarritzbylocals.com\/fr\/quoi-faire-ou-sortir-biarritz-pays-basque\/\">Lire la suite<\/a><\/div>[\/vc_column_inner][vc_column_inner width=\u00a0\u00bb1\/3&Prime;]<div class=\"ct-icon-box \"><i class=\"icon_set_2_icon-105\"><\/i>\n<h3><strong>Nos guides locaux<\/strong><\/h3>\n<p class=\"\">En faisant l&rsquo;exp\u00e9rience de Biarritz et ses alentours avec nos guides locaux, vous ne verrez pas seulement le c\u00e9l\u00e8bre Biarritz en tant que touriste&#8230;<\/p>\n<p><a class=\"btn_1 outline\" href=\"https:\/\/www.biarritzbylocals.com\/activites-visites-experience-guides-locaux-local-biarritz-pays-basque\/\">Lire la suite<\/a><\/div>[\/vc_column_inner][vc_column_inner width=\u00a0\u00bb1\/3&Prime;]<div class=\"ct-icon-box \"><i class=\"icon_set_1_icon-68\"><\/i>\n<h3><strong>Trip advisor<\/strong><\/h3>\n<p class=\"\">Pour une visite guid\u00e9e de Biarritz, j&rsquo;ai choisi Biarritz by Locals. Tout \u00e9tait parfait. Patricia, notre guide conna\u00eet la ville par coeur. Elle y est n\u00e9e et&#8230;<\/p>\n<p><a class=\"btn_1 outline\" href=\"https:\/\/www.biarritzbylocals.com\/avis-recommendations-activites-tours-sortie-excursion-que-faire-ou-sortir-tripadvisor-viator-biarritz-pays-basque\/\">Lire la suite<\/a><\/div>[\/vc_column_inner][\/vc_row_inner][\/vc_column][\/vc_row][vc_row is_container=\u00a0\u00bbyes\u00a0\u00bb][\/vc_row][vc_column][\/vc_column]<\/p>","protected":false},"excerpt":{"rendered":"<p>[vc_row is_container=\u00a0\u00bbyes\u00a0\u00bb el_class=\u00a0\u00bbmargin_60&Prime;][vc_column][vc_column_text] Meilleures visites guid\u00e9es \u00e0 Biarritz Partez \u00e0 la d\u00e9couverte de Biarritz en participant \u00e0 nos meilleurs tours et visites guid\u00e9es [\/vc_column_text][vc_column_text][\/vc_column_text][vc_column_text] Voir tous les tours [\/vc_column_text][vc_column_text css=\u00a0\u00bb.vc_custom_1561990866459{margin-top: 30px !important;margin-bottom: 30px !important;padding-top: 30px !important;padding-right: 30px !important;padding-bottom: 30px !important;padding-left: 30px !important;background-color: #ffffff !important;}\u00a0\u00bb] Que faire \u00e0 Biarritz ?\u00a0 Comment vivent les Biarrots ? &nbsp; [&hellip;]<\/p>\n","protected":false},"author":1,"featured_media":0,"parent":0,"menu_order":0,"comment_status":"closed","ping_status":"closed","template":"templates\/template-full-width.php","meta":[],"_links":{"self":[{"href":"https:\/\/www.biarritzbylocals.com\/fr\/wp-json\/wp\/v2\/pages\/199"}],"collection":[{"href":"https:\/\/www.biarritzbylocals.com\/fr\/wp-json\/wp\/v2\/pages"}],"about":[{"href":"https:\/\/www.biarritzbylocals.com\/fr\/wp-json\/wp\/v2\/types\/page"}],"author":[{"embeddable":true,"href":"https:\/\/www.biarritzbylocals.com\/fr\/wp-json\/wp\/v2\/users\/1"}],"replies":[{"embeddable":true,"href":"https:\/\/www.biarritzbylocals.com\/fr\/wp-json\/wp\/v2\/comments?post=199"}],"version-history":[{"count":173,"href":"https:\/\/www.biarritzbylocals.com\/fr\/wp-json\/wp\/v2\/pages\/199\/revisions"}],"predecessor-version":[{"id":2320,"href":"https:\/\/www.biarritzbylocals.com\/fr\/wp-json\/wp\/v2\/pages\/199\/revisions\/2320"}],"wp:attachment":[{"href":"https:\/\/www.biarritzbylocals.com\/fr\/wp-json\/wp\/v2\/media?parent=199"}],"curies":[{"name":"wp","href":"https:\/\/api.w.org\/{rel}","templated":true}]}}