{"id":586,"date":"2017-02-21T11:42:12","date_gmt":"2017-02-21T11:42:12","guid":{"rendered":"http:\/\/www.biarritzbylocals.com\/biarritzbylocals2017\/?page_id=586"},"modified":"2019-07-01T15:01:26","modified_gmt":"2019-07-01T15:01:26","slug":"companies","status":"publish","type":"page","link":"https:\/\/www.biarritzbylocals.com\/en\/corporate-events-group-activities-biarritz-basque-country\/","title":{"rendered":"Companies"},"content":{"rendered":"<p>[vc_row is_container=&#8221;yes&#8221; el_class=&#8221;margin_top_60&#8243;][vc_column][vc_column_text]<\/p>\n<div class=\"main_title\">\n<h2 style=\"text-align: center;\"><span style=\"color: #333333;\"><strong>You&#8217;re a <span style=\"color: #e04f67;\">company?<\/span><\/strong><\/span><\/h2>\n<p>&nbsp;<\/p>\n<p style=\"text-align: justify; line-height: 30px;\">From a casual weekend away to corporate events, whatever your needs are, we can surely organize an unforgettable Biarritz experience for you.<\/p>\n<p style=\"text-align: justify; line-height: 30px;\">At Biarritz by Locals we want you to be able to get the most out of your time in Biarritz and the Basque Country, contact us with your group size and a brief outline of what you are after and we can provide you with a unique and fun itinerary to suit everyone within your group.<\/p>\n<p style=\"text-align: justify; line-height: 30px;\">We already organized company events like seminar, team building<span class=\"Apple-converted-space\">\u00a0 <\/span>but also bachelor party, friends holidays. Feel free to contact us.<\/p>\n<\/div>\n<p>[\/vc_column_text][vc_separator][\/vc_column][\/vc_row][vc_row is_container=&#8221;yes&#8221; css=&#8221;.vc_custom_1488392380174{margin-top: 20px !important;}&#8221;][vc_column width=&#8221;1\/3&#8243; offset=&#8221;vc_col-md-4&#8243; el_class=&#8221;text-center&#8221;][vc_column_text]<strong>Our accomplishments&#8230;<\/strong><\/p>\n<p>Tasting of local products&#8230;<\/p>\n<p><img loading=\"lazy\" class=\"alignnone size-medium wp-image-477\" src=\"http:\/\/www.biarritzbylocals.com\/biarritzbylocals2017\/wp-content\/uploads\/2015\/09\/biarritz-by-locals-food-wine-tour-1-300x219.jpg\" alt=\"\" width=\"300\" height=\"219\" srcset=\"https:\/\/www.biarritzbylocals.com\/wp-content\/uploads\/2015\/09\/biarritz-by-locals-food-wine-tour-1-300x219.jpg 300w, https:\/\/www.biarritzbylocals.com\/wp-content\/uploads\/2015\/09\/biarritz-by-locals-food-wine-tour-1-768x562.jpg 768w, https:\/\/www.biarritzbylocals.com\/wp-content\/uploads\/2015\/09\/biarritz-by-locals-food-wine-tour-1.jpg 945w\" sizes=\"(max-width: 300px) 100vw, 300px\" \/><\/p>\n<p>Basque cooking class&#8230;<\/p>\n<p><img loading=\"lazy\" class=\"alignnone size-medium wp-image-450\" src=\"http:\/\/www.biarritzbylocals.com\/biarritzbylocals2017\/wp-content\/uploads\/2016\/12\/basque-cooking-class-in-Biarritz-300x117.jpg\" alt=\"\" width=\"300\" height=\"117\" srcset=\"https:\/\/www.biarritzbylocals.com\/wp-content\/uploads\/2016\/12\/basque-cooking-class-in-Biarritz-300x117.jpg 300w, https:\/\/www.biarritzbylocals.com\/wp-content\/uploads\/2016\/12\/basque-cooking-class-in-Biarritz-768x299.jpg 768w, https:\/\/www.biarritzbylocals.com\/wp-content\/uploads\/2016\/12\/basque-cooking-class-in-Biarritz-1024x398.jpg 1024w, https:\/\/www.biarritzbylocals.com\/wp-content\/uploads\/2016\/12\/basque-cooking-class-in-Biarritz.jpg 1800w\" sizes=\"(max-width: 300px) 100vw, 300px\" \/><\/p>\n<p>Meeting with the local producers&#8230;<\/p>\n<p><img loading=\"lazy\" class=\"alignnone size-medium wp-image-443\" src=\"http:\/\/www.biarritzbylocals.com\/biarritzbylocals2017\/wp-content\/uploads\/2016\/12\/visite-gastronomique-halles-biarritz-300x117.jpg\" alt=\"\" width=\"300\" height=\"117\" srcset=\"https:\/\/www.biarritzbylocals.com\/wp-content\/uploads\/2016\/12\/visite-gastronomique-halles-biarritz-300x117.jpg 300w, https:\/\/www.biarritzbylocals.com\/wp-content\/uploads\/2016\/12\/visite-gastronomique-halles-biarritz-768x299.jpg 768w, https:\/\/www.biarritzbylocals.com\/wp-content\/uploads\/2016\/12\/visite-gastronomique-halles-biarritz-1024x398.jpg 1024w, https:\/\/www.biarritzbylocals.com\/wp-content\/uploads\/2016\/12\/visite-gastronomique-halles-biarritz.jpg 1800w\" sizes=\"(max-width: 300px) 100vw, 300px\" \/>[\/vc_column_text][\/vc_column][vc_column width=&#8221;1\/3&#8243; el_class=&#8221;text-center&#8221;][vc_column_text]<strong>Reviews&#8230;<\/strong><\/p>\n<p><a href=\"https:\/\/www.tripadvisor.fr\/ShowUserReviews-g187080-d2156545-r371966288-Biarritz_by_Locals-Biarritz_Basque_Country_Pyrenees_Atlantiques_Nouvelle_Aquitai.html#CHECK_RATES_CONT\">Virginia \u2013 GINKGO EVENTS<\/a><\/p>\n<blockquote style=\"text-align: justify; font-size: 12px;\">\n<p class=\"p1\"><span class=\"s1\"><i>&#8220;As part of a business trip with customers, I appealed to the services of Biarritz by Locals. What a pleasure to work with Martin and Chris! Individuals authentic to discover the basque country and all its riches. We had the chance to meet passionate people by their profession and eager to share the traditions of this unique region.<br \/>\nDon&#8217;t hesitate if you want to do a guided tour of the halls or a guided visit of Biarritz, this is a great moment of pleasure and sharing and you will not be disappointed!<br \/>\nYou will leave the Basque country the hearts full of a particular emotion and a certain attachment to simple but true values.&#8221;<\/i><\/span><\/p>\n<p class=\"p1\">\n<\/blockquote>\n<p><a href=\"http:\/\/Martin et son \u00e9quipe sont tr\u00e8s accueillants et professionnels. Les congressistes ont \u00e9t\u00e9 ravis de la d\u00e9gustation aux Halles de Biarritz lors du d\u00e9jeuner. Un moment tr\u00e8s convivial et parfait pour d\u00e9couvrir les sp\u00e9cialit\u00e9s culinaires de la r\u00e9gion. Les activit\u00e9s surf et kayak ont elles aussi \u00e9t\u00e9 tr\u00e8s appr\u00e9ci\u00e9es et parfaitement encadr\u00e9es. Au plaisir d'une future collaboration avec Biarritzbylocals !! Je recommande ! https:\/\/www.tripadvisor.fr\/ShowUserReviews-g187080-d2156545-r445217361-Biarritz_by_Locals-Biarritz_Basque_Country_Pyrenees_Atlantiques_Nouvelle_Aquitai.html#\">Appoline &#8211; Good life events<\/a><\/p>\n<blockquote style=\"text-align: justify; font-size: 12px;\"><p><i>Martin and his team are very welcoming and professional. Our clients were delighted with the local food tasting at the \u201cHalles\u201dof Biarritz. A very convivial moment, perfect to discover the culinary specialties of the region. The surf and kayak activities were also very appreciated and perfectly supervised. Looking forward to future collaboration with Biarritzbylocals! I recommend !<\/i><\/p><\/blockquote>\n<p>[\/vc_column_text][\/vc_column][vc_column width=&#8221;1\/3&#8243;]<div role=\"form\" class=\"wpcf7\" id=\"wpcf7-f1279-o2\" lang=\"en-US\" dir=\"ltr\">\n<div class=\"screen-reader-response\"><\/div>\n<form action=\"\/en\/wp-json\/wp\/v2\/pages\/586#wpcf7-f1279-o2\" method=\"post\" class=\"wpcf7-form\" novalidate=\"novalidate\">\n<div style=\"display: none;\">\n<input type=\"hidden\" name=\"_wpcf7\" value=\"1279\" \/>\n<input type=\"hidden\" name=\"_wpcf7_version\" value=\"4.6.1\" \/>\n<input type=\"hidden\" name=\"_wpcf7_locale\" value=\"en_US\" \/>\n<input type=\"hidden\" name=\"_wpcf7_unit_tag\" value=\"wpcf7-f1279-o2\" \/>\n<input type=\"hidden\" name=\"_wpnonce\" value=\"a6185cc37e\" \/>\n<\/div>\n<div class=\"text-center\"><strong>Your contact details...<\/strong><\/div>\n<p><label> You Name<br \/>\n    <span class=\"wpcf7-form-control-wrap your-name\"><input type=\"text\" name=\"your-name\" value=\"\" size=\"40\" class=\"wpcf7-form-control wpcf7-text wpcf7-validates-as-required\" aria-required=\"true\" aria-invalid=\"false\" \/><\/span> <\/label><\/p>\n<p><label> Company<br \/>\n    <span class=\"wpcf7-form-control-wrap company\"><input type=\"text\" name=\"company\" value=\"\" size=\"40\" class=\"wpcf7-form-control wpcf7-text wpcf7-validates-as-required\" aria-required=\"true\" aria-invalid=\"false\" \/><\/span> <\/label><\/p>\n<p><label>Phone No<br \/>\n<span class=\"wpcf7-form-control-wrap tel-902\"><input type=\"tel\" name=\"tel-902\" value=\"\" size=\"40\" class=\"wpcf7-form-control wpcf7-text wpcf7-tel wpcf7-validates-as-required wpcf7-validates-as-tel\" aria-required=\"true\" aria-invalid=\"false\" \/><\/span><\/label><\/p>\n<p><label> Your Email<br \/>\n    <span class=\"wpcf7-form-control-wrap your-email\"><input type=\"email\" name=\"your-email\" value=\"\" size=\"40\" class=\"wpcf7-form-control wpcf7-text wpcf7-email wpcf7-validates-as-required wpcf7-validates-as-email\" aria-required=\"true\" aria-invalid=\"false\" \/><\/span> <\/label><\/p>\n<p><label> Subject<br \/>\n    <span class=\"wpcf7-form-control-wrap your-subject\"><input type=\"text\" name=\"your-subject\" value=\"\" size=\"40\" class=\"wpcf7-form-control wpcf7-text\" aria-invalid=\"false\" \/><\/span> <\/label><\/p>\n<p><label> Your Message<br \/>\n    <span class=\"wpcf7-form-control-wrap your-message\"><textarea name=\"your-message\" cols=\"40\" rows=\"10\" class=\"wpcf7-form-control wpcf7-textarea\" aria-invalid=\"false\"><\/textarea><\/span> <\/label><\/p>\n<p><input type=\"submit\" value=\"Send\" class=\"wpcf7-form-control wpcf7-submit\" \/><\/p>\n<div class=\"wpcf7-response-output wpcf7-display-none\"><\/div><\/form><\/div>[\/vc_column][\/vc_row]<\/p>","protected":false},"excerpt":{"rendered":"<p>[vc_row is_container=&#8221;yes&#8221; el_class=&#8221;margin_top_60&#8243;][vc_column][vc_column_text] You&#8217;re a company? &nbsp; From a casual weekend away to corporate events, whatever your needs are, we can surely organize an unforgettable Biarritz experience for you. At Biarritz by Locals we want you to be able to get the most out of your time in Biarritz and the Basque Country, contact us [&hellip;]<\/p>\n","protected":false},"author":1,"featured_media":0,"parent":0,"menu_order":0,"comment_status":"closed","ping_status":"closed","template":"templates\/template-full-width.php","meta":[],"_links":{"self":[{"href":"https:\/\/www.biarritzbylocals.com\/en\/wp-json\/wp\/v2\/pages\/586"}],"collection":[{"href":"https:\/\/www.biarritzbylocals.com\/en\/wp-json\/wp\/v2\/pages"}],"about":[{"href":"https:\/\/www.biarritzbylocals.com\/en\/wp-json\/wp\/v2\/types\/page"}],"author":[{"embeddable":true,"href":"https:\/\/www.biarritzbylocals.com\/en\/wp-json\/wp\/v2\/users\/1"}],"replies":[{"embeddable":true,"href":"https:\/\/www.biarritzbylocals.com\/en\/wp-json\/wp\/v2\/comments?post=586"}],"version-history":[{"count":50,"href":"https:\/\/www.biarritzbylocals.com\/en\/wp-json\/wp\/v2\/pages\/586\/revisions"}],"predecessor-version":[{"id":1931,"href":"https:\/\/www.biarritzbylocals.com\/en\/wp-json\/wp\/v2\/pages\/586\/revisions\/1931"}],"wp:attachment":[{"href":"https:\/\/www.biarritzbylocals.com\/en\/wp-json\/wp\/v2\/media?parent=586"}],"curies":[{"name":"wp","href":"https:\/\/api.w.org\/{rel}","templated":true}]}}